{"id":2859,"date":"2017-11-29T20:09:14","date_gmt":"2017-11-29T20:09:14","guid":{"rendered":"https:\/\/www.mambogota.com\/producto\/libro-nadin-ospina-refiguraciones\/"},"modified":"2017-12-02T00:01:05","modified_gmt":"2017-12-02T00:01:05","slug":"libro-nadin-ospina-refiguraciones","status":"publish","type":"product","link":"https:\/\/www.mambogota.com\/en\/producto\/libro-nadin-ospina-refiguraciones\/","title":{"rendered":"Book &#8216;Nad\u00edn Ospina &#8211; Refiguraciones&#8217;"},"content":{"rendered":"<p><strong>SOLD OUT<\/strong><\/p>\n<p>A book about the work of Colombian artist Nad\u00edn Ospina by \u00c1lvaro Medina, once curator of the MAMBO.<\/p>\n<p><strong>Format:<\/strong> Hard cover<br \/>\n<strong>Pages: <\/strong>127<br \/>\n<strong>Size: <\/strong>9.4 x 13.6 x 0.6 in<br \/>\nSpanish.<\/p>\n","protected":false},"excerpt":{"rendered":"<p>A book about the work of Colombian artist Nad\u00edn Ospina by \u00c1lvaro Medina, once curator of the MAMBO.<\/p>\n","protected":false},"featured_media":2858,"comment_status":"closed","ping_status":"closed","template":"","meta":{"_acf_changed":false,"_et_pb_use_builder":"","_et_pb_old_content":"","_et_gb_content_width":""},"product_brand":[],"product_cat":[33],"product_tag":[],"class_list":{"0":"post-2859","1":"product","2":"type-product","3":"status-publish","4":"has-post-thumbnail","6":"product_cat-products","8":"first","9":"instock","10":"shipping-taxable","11":"product-type-simple"},"acf":[],"yoast_head":"<!-- This site is optimized with the Yoast SEO plugin v24.4 - https:\/\/yoast.com\/wordpress\/plugins\/seo\/ -->\n<title>Book &#039;Nad\u00edn Ospina - Refiguraciones&#039; - MAMBO<\/title>\n<meta name=\"robots\" content=\"noindex, follow\" \/>\n<meta property=\"og:locale\" content=\"en_US\" \/>\n<meta property=\"og:type\" content=\"article\" \/>\n<meta property=\"og:title\" content=\"Book &#039;Nad\u00edn Ospina - Refiguraciones&#039; - MAMBO\" \/>\n<meta property=\"og:description\" content=\"A book about the work of Colombian artist Nad\u00edn Ospina by \u00c1lvaro Medina, once curator of the MAMBO.\" \/>\n<meta property=\"og:url\" content=\"https:\/\/www.mambogota.com\/en\/producto\/libro-nadin-ospina-refiguraciones\/\" \/>\n<meta property=\"og:site_name\" content=\"MAMBO\" \/>\n<meta property=\"article:publisher\" content=\"https:\/\/www.facebook.com\/fanmambogota\/\" \/>\n<meta property=\"article:modified_time\" content=\"2017-12-02T00:01:05+00:00\" \/>\n<meta property=\"og:image\" content=\"https:\/\/www.mambogota.com\/wp-content\/uploads\/2017\/11\/libro-Nadin-Ospina.jpg\" \/>\n\t<meta property=\"og:image:width\" content=\"822\" \/>\n\t<meta property=\"og:image:height\" content=\"588\" \/>\n\t<meta property=\"og:image:type\" content=\"image\/jpeg\" \/>\n<meta name=\"twitter:card\" content=\"summary_large_image\" \/>\n<meta name=\"twitter:site\" content=\"@_mambogota\" \/>\n<script type=\"application\/ld+json\" class=\"yoast-schema-graph\">{\"@context\":\"https:\/\/schema.org\",\"@graph\":[{\"@type\":\"WebPage\",\"@id\":\"https:\/\/www.mambogota.com\/en\/producto\/libro-nadin-ospina-refiguraciones\/\",\"url\":\"https:\/\/www.mambogota.com\/en\/producto\/libro-nadin-ospina-refiguraciones\/\",\"name\":\"Book 'Nad\u00edn Ospina - Refiguraciones' - MAMBO\",\"isPartOf\":{\"@id\":\"https:\/\/www.mambogota.com\/en\/#website\"},\"primaryImageOfPage\":{\"@id\":\"https:\/\/www.mambogota.com\/en\/producto\/libro-nadin-ospina-refiguraciones\/#primaryimage\"},\"image\":{\"@id\":\"https:\/\/www.mambogota.com\/en\/producto\/libro-nadin-ospina-refiguraciones\/#primaryimage\"},\"thumbnailUrl\":\"https:\/\/www.mambogota.com\/wp-content\/uploads\/2017\/11\/libro-Nadin-Ospina.jpg\",\"datePublished\":\"2017-11-29T20:09:14+00:00\",\"dateModified\":\"2017-12-02T00:01:05+00:00\",\"breadcrumb\":{\"@id\":\"https:\/\/www.mambogota.com\/en\/producto\/libro-nadin-ospina-refiguraciones\/#breadcrumb\"},\"inLanguage\":\"en-US\",\"potentialAction\":[{\"@type\":\"ReadAction\",\"target\":[\"https:\/\/www.mambogota.com\/en\/producto\/libro-nadin-ospina-refiguraciones\/\"]}]},{\"@type\":\"ImageObject\",\"inLanguage\":\"en-US\",\"@id\":\"https:\/\/www.mambogota.com\/en\/producto\/libro-nadin-ospina-refiguraciones\/#primaryimage\",\"url\":\"https:\/\/www.mambogota.com\/wp-content\/uploads\/2017\/11\/libro-Nadin-Ospina.jpg\",\"contentUrl\":\"https:\/\/www.mambogota.com\/wp-content\/uploads\/2017\/11\/libro-Nadin-Ospina.jpg\",\"width\":822,\"height\":588},{\"@type\":\"BreadcrumbList\",\"@id\":\"https:\/\/www.mambogota.com\/en\/producto\/libro-nadin-ospina-refiguraciones\/#breadcrumb\",\"itemListElement\":[{\"@type\":\"ListItem\",\"position\":1,\"name\":\"Portada\",\"item\":\"https:\/\/www.mambogota.com\/en\/\"},{\"@type\":\"ListItem\",\"position\":2,\"name\":\"Products\",\"item\":\"https:\/\/www.mambogota.com\/en\/shop\/\"},{\"@type\":\"ListItem\",\"position\":3,\"name\":\"Book &#8216;Nad\u00edn Ospina &#8211; Refiguraciones&#8217;\"}]},{\"@type\":\"WebSite\",\"@id\":\"https:\/\/www.mambogota.com\/en\/#website\",\"url\":\"https:\/\/www.mambogota.com\/en\/\",\"name\":\"MAMBO\",\"description\":\"Museo de Arte Moderno de Bogot\u00e1\",\"publisher\":{\"@id\":\"https:\/\/www.mambogota.com\/en\/#organization\"},\"alternateName\":\"Museo de Arte Moderno de Bogot\u00e1\",\"potentialAction\":[{\"@type\":\"SearchAction\",\"target\":{\"@type\":\"EntryPoint\",\"urlTemplate\":\"https:\/\/www.mambogota.com\/en\/?s={search_term_string}\"},\"query-input\":{\"@type\":\"PropertyValueSpecification\",\"valueRequired\":true,\"valueName\":\"search_term_string\"}}],\"inLanguage\":\"en-US\"},{\"@type\":\"Organization\",\"@id\":\"https:\/\/www.mambogota.com\/en\/#organization\",\"name\":\"Museo de Arte Moderno de Bogot\u00e1\",\"alternateName\":\"Museo de Arte Moderno de Bogot\u00e1\",\"url\":\"https:\/\/www.mambogota.com\/en\/\",\"logo\":{\"@type\":\"ImageObject\",\"inLanguage\":\"en-US\",\"@id\":\"https:\/\/www.mambogota.com\/en\/#\/schema\/logo\/image\/\",\"url\":\"https:\/\/www.mambogota.com\/wp-content\/uploads\/2024\/12\/14947874_1254128624609097_205140180237699579_n.png\",\"contentUrl\":\"https:\/\/www.mambogota.com\/wp-content\/uploads\/2024\/12\/14947874_1254128624609097_205140180237699579_n.png\",\"width\":240,\"height\":240,\"caption\":\"Museo de Arte Moderno de Bogot\u00e1\"},\"image\":{\"@id\":\"https:\/\/www.mambogota.com\/en\/#\/schema\/logo\/image\/\"},\"sameAs\":[\"https:\/\/www.facebook.com\/fanmambogota\/\",\"https:\/\/x.com\/_mambogota\",\"https:\/\/www.instagram.com\/mambogota\",\"https:\/\/www.youtube.com\/channel\/UCCv1ANvfMC0LyV_CBw8U-UA\",\"https:\/\/www.tiktok.com\/@mambogota\"]}]}<\/script>\n<!-- \/ Yoast SEO plugin. -->","yoast_head_json":{"title":"Book 'Nad\u00edn Ospina - Refiguraciones' - MAMBO","robots":{"index":"noindex","follow":"follow"},"og_locale":"en_US","og_type":"article","og_title":"Book 'Nad\u00edn Ospina - Refiguraciones' - MAMBO","og_description":"A book about the work of Colombian artist Nad\u00edn Ospina by \u00c1lvaro Medina, once curator of the MAMBO.","og_url":"https:\/\/www.mambogota.com\/en\/producto\/libro-nadin-ospina-refiguraciones\/","og_site_name":"MAMBO","article_publisher":"https:\/\/www.facebook.com\/fanmambogota\/","article_modified_time":"2017-12-02T00:01:05+00:00","og_image":[{"width":822,"height":588,"url":"https:\/\/www.mambogota.com\/wp-content\/uploads\/2017\/11\/libro-Nadin-Ospina.jpg","type":"image\/jpeg"}],"twitter_card":"summary_large_image","twitter_site":"@_mambogota","schema":{"@context":"https:\/\/schema.org","@graph":[{"@type":"WebPage","@id":"https:\/\/www.mambogota.com\/en\/producto\/libro-nadin-ospina-refiguraciones\/","url":"https:\/\/www.mambogota.com\/en\/producto\/libro-nadin-ospina-refiguraciones\/","name":"Book 'Nad\u00edn Ospina - Refiguraciones' - MAMBO","isPartOf":{"@id":"https:\/\/www.mambogota.com\/en\/#website"},"primaryImageOfPage":{"@id":"https:\/\/www.mambogota.com\/en\/producto\/libro-nadin-ospina-refiguraciones\/#primaryimage"},"image":{"@id":"https:\/\/www.mambogota.com\/en\/producto\/libro-nadin-ospina-refiguraciones\/#primaryimage"},"thumbnailUrl":"https:\/\/www.mambogota.com\/wp-content\/uploads\/2017\/11\/libro-Nadin-Ospina.jpg","datePublished":"2017-11-29T20:09:14+00:00","dateModified":"2017-12-02T00:01:05+00:00","breadcrumb":{"@id":"https:\/\/www.mambogota.com\/en\/producto\/libro-nadin-ospina-refiguraciones\/#breadcrumb"},"inLanguage":"en-US","potentialAction":[{"@type":"ReadAction","target":["https:\/\/www.mambogota.com\/en\/producto\/libro-nadin-ospina-refiguraciones\/"]}]},{"@type":"ImageObject","inLanguage":"en-US","@id":"https:\/\/www.mambogota.com\/en\/producto\/libro-nadin-ospina-refiguraciones\/#primaryimage","url":"https:\/\/www.mambogota.com\/wp-content\/uploads\/2017\/11\/libro-Nadin-Ospina.jpg","contentUrl":"https:\/\/www.mambogota.com\/wp-content\/uploads\/2017\/11\/libro-Nadin-Ospina.jpg","width":822,"height":588},{"@type":"BreadcrumbList","@id":"https:\/\/www.mambogota.com\/en\/producto\/libro-nadin-ospina-refiguraciones\/#breadcrumb","itemListElement":[{"@type":"ListItem","position":1,"name":"Portada","item":"https:\/\/www.mambogota.com\/en\/"},{"@type":"ListItem","position":2,"name":"Products","item":"https:\/\/www.mambogota.com\/en\/shop\/"},{"@type":"ListItem","position":3,"name":"Book &#8216;Nad\u00edn Ospina &#8211; Refiguraciones&#8217;"}]},{"@type":"WebSite","@id":"https:\/\/www.mambogota.com\/en\/#website","url":"https:\/\/www.mambogota.com\/en\/","name":"MAMBO","description":"Museo de Arte Moderno de Bogot\u00e1","publisher":{"@id":"https:\/\/www.mambogota.com\/en\/#organization"},"alternateName":"Museo de Arte Moderno de Bogot\u00e1","potentialAction":[{"@type":"SearchAction","target":{"@type":"EntryPoint","urlTemplate":"https:\/\/www.mambogota.com\/en\/?s={search_term_string}"},"query-input":{"@type":"PropertyValueSpecification","valueRequired":true,"valueName":"search_term_string"}}],"inLanguage":"en-US"},{"@type":"Organization","@id":"https:\/\/www.mambogota.com\/en\/#organization","name":"Museo de Arte Moderno de Bogot\u00e1","alternateName":"Museo de Arte Moderno de Bogot\u00e1","url":"https:\/\/www.mambogota.com\/en\/","logo":{"@type":"ImageObject","inLanguage":"en-US","@id":"https:\/\/www.mambogota.com\/en\/#\/schema\/logo\/image\/","url":"https:\/\/www.mambogota.com\/wp-content\/uploads\/2024\/12\/14947874_1254128624609097_205140180237699579_n.png","contentUrl":"https:\/\/www.mambogota.com\/wp-content\/uploads\/2024\/12\/14947874_1254128624609097_205140180237699579_n.png","width":240,"height":240,"caption":"Museo de Arte Moderno de Bogot\u00e1"},"image":{"@id":"https:\/\/www.mambogota.com\/en\/#\/schema\/logo\/image\/"},"sameAs":["https:\/\/www.facebook.com\/fanmambogota\/","https:\/\/x.com\/_mambogota","https:\/\/www.instagram.com\/mambogota","https:\/\/www.youtube.com\/channel\/UCCv1ANvfMC0LyV_CBw8U-UA","https:\/\/www.tiktok.com\/@mambogota"]}]}},"_links":{"self":[{"href":"https:\/\/www.mambogota.com\/en\/wp-json\/wp\/v2\/product\/2859","targetHints":{"allow":["GET"]}}],"collection":[{"href":"https:\/\/www.mambogota.com\/en\/wp-json\/wp\/v2\/product"}],"about":[{"href":"https:\/\/www.mambogota.com\/en\/wp-json\/wp\/v2\/types\/product"}],"replies":[{"embeddable":true,"href":"https:\/\/www.mambogota.com\/en\/wp-json\/wp\/v2\/comments?post=2859"}],"wp:featuredmedia":[{"embeddable":true,"href":"https:\/\/www.mambogota.com\/en\/wp-json\/wp\/v2\/media\/2858"}],"wp:attachment":[{"href":"https:\/\/www.mambogota.com\/en\/wp-json\/wp\/v2\/media?parent=2859"}],"wp:term":[{"taxonomy":"product_brand","embeddable":true,"href":"https:\/\/www.mambogota.com\/en\/wp-json\/wp\/v2\/product_brand?post=2859"},{"taxonomy":"product_cat","embeddable":true,"href":"https:\/\/www.mambogota.com\/en\/wp-json\/wp\/v2\/product_cat?post=2859"},{"taxonomy":"product_tag","embeddable":true,"href":"https:\/\/www.mambogota.com\/en\/wp-json\/wp\/v2\/product_tag?post=2859"}],"curies":[{"name":"wp","href":"https:\/\/api.w.org\/{rel}","templated":true}]}}