{"id":1635,"date":"2017-04-05T17:42:30","date_gmt":"2017-04-05T17:42:30","guid":{"rendered":"https:\/\/www.mambogota.com\/faq\/"},"modified":"2019-04-19T05:12:43","modified_gmt":"2019-04-19T05:12:43","slug":"faq","status":"publish","type":"page","link":"https:\/\/www.mambogota.com\/en\/faq\/","title":{"rendered":"FAQ"},"content":{"rendered":"<p>[et_pb_section bb_built=&#8221;1&#8243; fullwidth=&#8221;off&#8221; specialty=&#8221;off&#8221; inner_width=&#8221;auto&#8221; inner_max_width=&#8221;none&#8221;][et_pb_row background_position=&#8221;top_left&#8221; background_repeat=&#8221;repeat&#8221; background_size=&#8221;initial&#8221; width=&#8221;80%&#8221; max_width=&#8221;1080px&#8221;][et_pb_column type=&#8221;4_4&#8243;][et_pb_text use_border_color=&#8221;off&#8221; background_position=&#8221;top_left&#8221; background_repeat=&#8221;repeat&#8221; background_size=&#8221;initial&#8221; _builder_version=&#8221;3.22.1&#8243; text_text_shadow_horizontal_length=&#8221;text_text_shadow_style,%91object Object%93&#8243; text_text_shadow_vertical_length=&#8221;text_text_shadow_style,%91object Object%93&#8243; text_text_shadow_blur_strength=&#8221;text_text_shadow_style,%91object Object%93&#8243; link_text_shadow_horizontal_length=&#8221;link_text_shadow_style,%91object Object%93&#8243; link_text_shadow_vertical_length=&#8221;link_text_shadow_style,%91object Object%93&#8243; link_text_shadow_blur_strength=&#8221;link_text_shadow_style,%91object Object%93&#8243; ul_text_shadow_horizontal_length=&#8221;ul_text_shadow_style,%91object Object%93&#8243; ul_text_shadow_vertical_length=&#8221;ul_text_shadow_style,%91object Object%93&#8243; ul_text_shadow_blur_strength=&#8221;ul_text_shadow_style,%91object Object%93&#8243; ol_text_shadow_horizontal_length=&#8221;ol_text_shadow_style,%91object Object%93&#8243; ol_text_shadow_vertical_length=&#8221;ol_text_shadow_style,%91object Object%93&#8243; ol_text_shadow_blur_strength=&#8221;ol_text_shadow_style,%91object Object%93&#8243; quote_text_shadow_horizontal_length=&#8221;quote_text_shadow_style,%91object Object%93&#8243; quote_text_shadow_vertical_length=&#8221;quote_text_shadow_style,%91object Object%93&#8243; quote_text_shadow_blur_strength=&#8221;quote_text_shadow_style,%91object Object%93&#8243; header_text_shadow_horizontal_length=&#8221;header_text_shadow_style,%91object Object%93&#8243; header_text_shadow_vertical_length=&#8221;header_text_shadow_style,%91object Object%93&#8243; header_text_shadow_blur_strength=&#8221;header_text_shadow_style,%91object Object%93&#8243; header_2_text_shadow_horizontal_length=&#8221;header_2_text_shadow_style,%91object Object%93&#8243; header_2_text_shadow_vertical_length=&#8221;header_2_text_shadow_style,%91object Object%93&#8243; header_2_text_shadow_blur_strength=&#8221;header_2_text_shadow_style,%91object Object%93&#8243; header_3_text_shadow_horizontal_length=&#8221;header_3_text_shadow_style,%91object Object%93&#8243; header_3_text_shadow_vertical_length=&#8221;header_3_text_shadow_style,%91object Object%93&#8243; header_3_text_shadow_blur_strength=&#8221;header_3_text_shadow_style,%91object Object%93&#8243; header_4_text_shadow_horizontal_length=&#8221;header_4_text_shadow_style,%91object Object%93&#8243; header_4_text_shadow_vertical_length=&#8221;header_4_text_shadow_style,%91object Object%93&#8243; header_4_text_shadow_blur_strength=&#8221;header_4_text_shadow_style,%91object Object%93&#8243; header_5_text_shadow_horizontal_length=&#8221;header_5_text_shadow_style,%91object Object%93&#8243; header_5_text_shadow_vertical_length=&#8221;header_5_text_shadow_style,%91object Object%93&#8243; header_5_text_shadow_blur_strength=&#8221;header_5_text_shadow_style,%91object Object%93&#8243; header_6_text_shadow_horizontal_length=&#8221;header_6_text_shadow_style,%91object Object%93&#8243; header_6_text_shadow_vertical_length=&#8221;header_6_text_shadow_style,%91object Object%93&#8243; header_6_text_shadow_blur_strength=&#8221;header_6_text_shadow_style,%91object Object%93&#8243; z_index_tablet=&#8221;500&#8243;]<\/p>\n<h1><span style=\"color: #0000ff;\">Preguntas frecuentes &#8211; FAQ<\/span><\/h1>\n<p><strong>\u00bfQu\u00e9 horario tiene el museo?<\/strong><br \/>Martes a s\u00e1bado 10 a.m. a 6 p.m.<br \/>Domingo 12 m. a 5 p.m.<br \/>Lunes cerrado<\/p>\n<p><strong>\u00bfC\u00f3mo se llega al museo?<\/strong><br \/>En carro se puede llegar al museo subiendo por la calle 24. Nos encontramos una cuadra arriba de la Cra 7ma. El parqueadero del museo se encuentra sobre la Cra 7ma entre calles 24 y 26.<br \/>En SITP Se puede llegar baj\u00e1ndose en las estaciones Museo Nacional, San Diego o Universidades.<\/p>\n<p><strong>\u00bfQue costo tiene la entrada al museo?<\/strong><br \/>Particulares: $12.000 COP<br \/>Docentes, y estudiantes con carnet: $8.000 COP<\/p>\n<p><strong>\u00bfHay descuentos en la entrada del museo?<\/strong><br \/>Docentes, y estudiantes con carnet: $8.000 COP<br \/>Miembros de la RED MAMBO: entrada gratuita durante un a\u00f1o.<\/p>\n<p><strong>\u00bfPuedo comprar entradas al museo por adelantado?<\/strong><br \/>Puede comprarlas online en la secci\u00f3n Tienda.<\/p>\n<p><strong>\u00bfTiene el museo acceso para personas en condici\u00f3n de discapacidad?<\/strong><br \/>Si, recomendamos avisarnos de su llegada para habilitar la entrada.<\/p>\n<p><strong>\u00bfEl museo tiene sillas de ruedas?<\/strong><br \/>S\u00ed.<\/p>\n<p><strong>\u00bfHay parqueadero?<\/strong><br \/>S\u00ed, sobre la Cra 7ma entre calles 24 y 26.<\/p>\n<p><strong>\u00bfHay parqueadero para bicicletas?<\/strong><br \/>En el parqueadero adjunto.<\/p>\n<p><strong>\u00bfTienen restaurante?<\/strong><br \/>Contamos con un Crepes &amp; Waffles. Desde platos fuertes hasta postres, helados y bebidas calientes.<\/p>\n<p><strong>\u00bfSe puede consultar la biblioteca?<\/strong><br \/>Se puede consultar con cita previa llam\u00e1ndo al 2860466<\/p>\n<p><strong>\u00bfA\u00fan funciona el auditorio?<\/strong><br \/>Actualmente est\u00e1 disponible para eventos, conciertos y converstorios.<\/p>\n<p><strong>\u00bfHay restricci\u00f3n de edad para entrar?<\/strong><br \/>No hay restricci\u00f3n de edad, pero recomendamos a los adultos tener en cuenta la exposici\u00f3n en el momento de venir con ni\u00f1os.<\/p>\n<p><strong>\u00bfSe pueden tomar fotograf\u00edas en el museo?<\/strong><br \/>S\u00ed, siempre y cuando sea sin flash.<\/p>\n<p><strong>\u00bfPueden entrar animales al museo?<\/strong><br \/>No, a menos que sea perro gu\u00eda.<\/p>\n<p><strong>\u00bfSe pueden programar visitas para grupos?<\/strong><br \/>Si, disponemos de una programaci\u00f3n de visitas guiadas y visitas taller para grupos de un m\u00ednimo de 15 personas. Las visitas se pueden programar a trav\u00e9s de nuestra p\u00e1gina web, secci\u00f3n educaci\u00f3n o vis\u00edtenos, o escribiendo al correo educacion@mambogota.com<\/p>\n<p><strong>\u00bfTienen visitas guiadas para el p\u00fablico general y cada cuanto?<\/strong><br \/>Las visitas guiadas suelen ser programadas. De vez en cuanto contamos con visitas abiertas al p\u00fablico que publicamos en nuestras redes sociales con anticipaci\u00f3n.<\/p>\n<p><strong>\u00bfHay actividades para ni\u00f1os?<\/strong><br \/>Si tenemos una variedad de actividades tales como: visitas guiadas, visitas taller, talleres y vacaciones creativas. Para m\u00e1s informaci\u00f3n consulta nuestra secci\u00f3n de actividades de nuestra p\u00e1gina web y nuestras redes sociales.<\/p>\n<p><strong>\u00bfComo se puede inscribir uno a los talleres?<\/strong><br \/>Las inscripciones a los talleres para ni\u00f1os y adultos se puede realizar a trav\u00e9s de nuestra p\u00e1gina web, directamente en el Museo, consignando a la cuenta corriente Davivienda no. 000021074034 (enviar soporte de pago con datos de contacto del inscrito al correo educacion@mambogota.com).<\/p>\n<p><strong>\u00bfLos conversatorios requieren inscripci\u00f3n?<\/strong><br \/>Algunas actividades del museo pueden necesitar de inscripci\u00f3n previa. Generalmente solo se requiere cancelar el valor de ingreso del Museo.<\/p>\n<p><strong>\u00bfComo puedo ser parte de la Escuela de Gu\u00edas?<\/strong><br \/>Cada tanto abrimos convocatoria para la escuela de gu\u00edas que anunciamos en nuestras redes sociales.<br \/>Recuerda para ser parte de la Escuela requerimos candidatos con experiencia previa en mediaci\u00f3n, ser egresado de las carreras de artes o humanidades y ser biling\u00fce.<\/p>\n<p><strong>\u00bfPuedo entrar con mi tarjeta ICOM?<\/strong><br \/>No.<\/p>\n<p>[\/et_pb_text][\/et_pb_column][\/et_pb_row][\/et_pb_section]<\/p>\n","protected":false},"excerpt":{"rendered":"<p>Preguntas frecuentes &#8211; FAQ\u00bfQu\u00e9 horario tiene el museo?Martes a s\u00e1bado 10 a.m. a 6 p.m.Domingo 12 m. a 5 p.m.Lunes cerrado\u00bfC\u00f3mo se llega al museo?En carro se puede llegar al [&hellip;]<\/p>\n","protected":false},"author":373,"featured_media":0,"parent":0,"menu_order":0,"comment_status":"closed","ping_status":"closed","template":"","meta":{"_acf_changed":false,"_et_pb_use_builder":"on","_et_pb_old_content":"","_et_gb_content_width":"","footnotes":""},"class_list":["post-1635","page","type-page","status-publish","hentry"],"acf":[],"yoast_head":"<!-- This site is optimized with the Yoast SEO plugin v24.4 - https:\/\/yoast.com\/wordpress\/plugins\/seo\/ -->\n<title>FAQ - MAMBO<\/title>\n<meta name=\"robots\" content=\"index, follow, max-snippet:-1, max-image-preview:large, max-video-preview:-1\" \/>\n<link rel=\"canonical\" href=\"https:\/\/www.mambogota.com\/en\/faq\/\" \/>\n<meta property=\"og:locale\" content=\"en_US\" \/>\n<meta property=\"og:type\" content=\"article\" \/>\n<meta property=\"og:title\" content=\"FAQ - MAMBO\" \/>\n<meta property=\"og:description\" content=\"Preguntas frecuentes - FAQ\u00bfQu\u00e9 horario tiene el museo?Martes a s\u00e1bado 10 a.m. a 6 p.m.Domingo 12 m. a 5 p.m.Lunes cerrado\u00bfC\u00f3mo se llega al museo?En carro se puede llegar al [&hellip;]\" \/>\n<meta property=\"og:url\" content=\"https:\/\/www.mambogota.com\/en\/faq\/\" \/>\n<meta property=\"og:site_name\" content=\"MAMBO\" \/>\n<meta property=\"article:publisher\" content=\"https:\/\/www.facebook.com\/fanmambogota\/\" \/>\n<meta property=\"article:modified_time\" content=\"2019-04-19T05:12:43+00:00\" \/>\n<meta property=\"og:image\" content=\"https:\/\/www.mambogota.com\/wp-content\/uploads\/2024\/12\/14947874_1254128624609097_205140180237699579_n.png\" \/>\n\t<meta property=\"og:image:width\" content=\"240\" \/>\n\t<meta property=\"og:image:height\" content=\"240\" \/>\n\t<meta property=\"og:image:type\" content=\"image\/png\" \/>\n<meta name=\"twitter:card\" content=\"summary_large_image\" \/>\n<meta name=\"twitter:site\" content=\"@_mambogota\" \/>\n<meta name=\"twitter:label1\" content=\"Est. reading time\" \/>\n\t<meta name=\"twitter:data1\" content=\"5 minutes\" \/>\n<script type=\"application\/ld+json\" class=\"yoast-schema-graph\">{\"@context\":\"https:\/\/schema.org\",\"@graph\":[{\"@type\":\"WebPage\",\"@id\":\"https:\/\/www.mambogota.com\/en\/faq\/\",\"url\":\"https:\/\/www.mambogota.com\/en\/faq\/\",\"name\":\"FAQ - MAMBO\",\"isPartOf\":{\"@id\":\"https:\/\/www.mambogota.com\/en\/#website\"},\"datePublished\":\"2017-04-05T17:42:30+00:00\",\"dateModified\":\"2019-04-19T05:12:43+00:00\",\"breadcrumb\":{\"@id\":\"https:\/\/www.mambogota.com\/en\/faq\/#breadcrumb\"},\"inLanguage\":\"en-US\",\"potentialAction\":[{\"@type\":\"ReadAction\",\"target\":[\"https:\/\/www.mambogota.com\/en\/faq\/\"]}]},{\"@type\":\"BreadcrumbList\",\"@id\":\"https:\/\/www.mambogota.com\/en\/faq\/#breadcrumb\",\"itemListElement\":[{\"@type\":\"ListItem\",\"position\":1,\"name\":\"Portada\",\"item\":\"https:\/\/www.mambogota.com\/en\/\"},{\"@type\":\"ListItem\",\"position\":2,\"name\":\"FAQ\"}]},{\"@type\":\"WebSite\",\"@id\":\"https:\/\/www.mambogota.com\/en\/#website\",\"url\":\"https:\/\/www.mambogota.com\/en\/\",\"name\":\"MAMBO\",\"description\":\"Museo de Arte Moderno de Bogot\u00e1\",\"publisher\":{\"@id\":\"https:\/\/www.mambogota.com\/en\/#organization\"},\"alternateName\":\"Museo de Arte Moderno de Bogot\u00e1\",\"potentialAction\":[{\"@type\":\"SearchAction\",\"target\":{\"@type\":\"EntryPoint\",\"urlTemplate\":\"https:\/\/www.mambogota.com\/en\/?s={search_term_string}\"},\"query-input\":{\"@type\":\"PropertyValueSpecification\",\"valueRequired\":true,\"valueName\":\"search_term_string\"}}],\"inLanguage\":\"en-US\"},{\"@type\":\"Organization\",\"@id\":\"https:\/\/www.mambogota.com\/en\/#organization\",\"name\":\"Museo de Arte Moderno de Bogot\u00e1\",\"alternateName\":\"Museo de Arte Moderno de Bogot\u00e1\",\"url\":\"https:\/\/www.mambogota.com\/en\/\",\"logo\":{\"@type\":\"ImageObject\",\"inLanguage\":\"en-US\",\"@id\":\"https:\/\/www.mambogota.com\/en\/#\/schema\/logo\/image\/\",\"url\":\"https:\/\/www.mambogota.com\/wp-content\/uploads\/2024\/12\/14947874_1254128624609097_205140180237699579_n.png\",\"contentUrl\":\"https:\/\/www.mambogota.com\/wp-content\/uploads\/2024\/12\/14947874_1254128624609097_205140180237699579_n.png\",\"width\":240,\"height\":240,\"caption\":\"Museo de Arte Moderno de Bogot\u00e1\"},\"image\":{\"@id\":\"https:\/\/www.mambogota.com\/en\/#\/schema\/logo\/image\/\"},\"sameAs\":[\"https:\/\/www.facebook.com\/fanmambogota\/\",\"https:\/\/x.com\/_mambogota\",\"https:\/\/www.instagram.com\/mambogota\",\"https:\/\/www.youtube.com\/channel\/UCCv1ANvfMC0LyV_CBw8U-UA\",\"https:\/\/www.tiktok.com\/@mambogota\"]}]}<\/script>\n<!-- \/ Yoast SEO plugin. -->","yoast_head_json":{"title":"FAQ - MAMBO","robots":{"index":"index","follow":"follow","max-snippet":"max-snippet:-1","max-image-preview":"max-image-preview:large","max-video-preview":"max-video-preview:-1"},"canonical":"https:\/\/www.mambogota.com\/en\/faq\/","og_locale":"en_US","og_type":"article","og_title":"FAQ - MAMBO","og_description":"Preguntas frecuentes - FAQ\u00bfQu\u00e9 horario tiene el museo?Martes a s\u00e1bado 10 a.m. a 6 p.m.Domingo 12 m. a 5 p.m.Lunes cerrado\u00bfC\u00f3mo se llega al museo?En carro se puede llegar al [&hellip;]","og_url":"https:\/\/www.mambogota.com\/en\/faq\/","og_site_name":"MAMBO","article_publisher":"https:\/\/www.facebook.com\/fanmambogota\/","article_modified_time":"2019-04-19T05:12:43+00:00","og_image":[{"width":240,"height":240,"url":"https:\/\/www.mambogota.com\/wp-content\/uploads\/2024\/12\/14947874_1254128624609097_205140180237699579_n.png","type":"image\/png"}],"twitter_card":"summary_large_image","twitter_site":"@_mambogota","twitter_misc":{"Est. reading time":"5 minutes"},"schema":{"@context":"https:\/\/schema.org","@graph":[{"@type":"WebPage","@id":"https:\/\/www.mambogota.com\/en\/faq\/","url":"https:\/\/www.mambogota.com\/en\/faq\/","name":"FAQ - MAMBO","isPartOf":{"@id":"https:\/\/www.mambogota.com\/en\/#website"},"datePublished":"2017-04-05T17:42:30+00:00","dateModified":"2019-04-19T05:12:43+00:00","breadcrumb":{"@id":"https:\/\/www.mambogota.com\/en\/faq\/#breadcrumb"},"inLanguage":"en-US","potentialAction":[{"@type":"ReadAction","target":["https:\/\/www.mambogota.com\/en\/faq\/"]}]},{"@type":"BreadcrumbList","@id":"https:\/\/www.mambogota.com\/en\/faq\/#breadcrumb","itemListElement":[{"@type":"ListItem","position":1,"name":"Portada","item":"https:\/\/www.mambogota.com\/en\/"},{"@type":"ListItem","position":2,"name":"FAQ"}]},{"@type":"WebSite","@id":"https:\/\/www.mambogota.com\/en\/#website","url":"https:\/\/www.mambogota.com\/en\/","name":"MAMBO","description":"Museo de Arte Moderno de Bogot\u00e1","publisher":{"@id":"https:\/\/www.mambogota.com\/en\/#organization"},"alternateName":"Museo de Arte Moderno de Bogot\u00e1","potentialAction":[{"@type":"SearchAction","target":{"@type":"EntryPoint","urlTemplate":"https:\/\/www.mambogota.com\/en\/?s={search_term_string}"},"query-input":{"@type":"PropertyValueSpecification","valueRequired":true,"valueName":"search_term_string"}}],"inLanguage":"en-US"},{"@type":"Organization","@id":"https:\/\/www.mambogota.com\/en\/#organization","name":"Museo de Arte Moderno de Bogot\u00e1","alternateName":"Museo de Arte Moderno de Bogot\u00e1","url":"https:\/\/www.mambogota.com\/en\/","logo":{"@type":"ImageObject","inLanguage":"en-US","@id":"https:\/\/www.mambogota.com\/en\/#\/schema\/logo\/image\/","url":"https:\/\/www.mambogota.com\/wp-content\/uploads\/2024\/12\/14947874_1254128624609097_205140180237699579_n.png","contentUrl":"https:\/\/www.mambogota.com\/wp-content\/uploads\/2024\/12\/14947874_1254128624609097_205140180237699579_n.png","width":240,"height":240,"caption":"Museo de Arte Moderno de Bogot\u00e1"},"image":{"@id":"https:\/\/www.mambogota.com\/en\/#\/schema\/logo\/image\/"},"sameAs":["https:\/\/www.facebook.com\/fanmambogota\/","https:\/\/x.com\/_mambogota","https:\/\/www.instagram.com\/mambogota","https:\/\/www.youtube.com\/channel\/UCCv1ANvfMC0LyV_CBw8U-UA","https:\/\/www.tiktok.com\/@mambogota"]}]}},"_links":{"self":[{"href":"https:\/\/www.mambogota.com\/en\/wp-json\/wp\/v2\/pages\/1635","targetHints":{"allow":["GET"]}}],"collection":[{"href":"https:\/\/www.mambogota.com\/en\/wp-json\/wp\/v2\/pages"}],"about":[{"href":"https:\/\/www.mambogota.com\/en\/wp-json\/wp\/v2\/types\/page"}],"author":[{"embeddable":true,"href":"https:\/\/www.mambogota.com\/en\/wp-json\/wp\/v2\/users\/373"}],"replies":[{"embeddable":true,"href":"https:\/\/www.mambogota.com\/en\/wp-json\/wp\/v2\/comments?post=1635"}],"version-history":[{"count":3,"href":"https:\/\/www.mambogota.com\/en\/wp-json\/wp\/v2\/pages\/1635\/revisions"}],"predecessor-version":[{"id":5329,"href":"https:\/\/www.mambogota.com\/en\/wp-json\/wp\/v2\/pages\/1635\/revisions\/5329"}],"wp:attachment":[{"href":"https:\/\/www.mambogota.com\/en\/wp-json\/wp\/v2\/media?parent=1635"}],"curies":[{"name":"wp","href":"https:\/\/api.w.org\/{rel}","templated":true}]}}